{"id":20,"date":"2020-09-15T10:42:41","date_gmt":"2020-09-15T10:42:41","guid":{"rendered":"https:\/\/challengeseconomiques.com\/?page_id=20"},"modified":"2021-05-04T10:25:09","modified_gmt":"2021-05-04T10:25:09","slug":"environnement-economique","status":"publish","type":"page","link":"https:\/\/challengeseconomiques.com\/?page_id=20","title":{"rendered":"Environnement \u00e9conomique"},"content":{"rendered":"\t\t<div data-elementor-type=\"wp-page\" data-elementor-id=\"20\" class=\"elementor elementor-20\">\n\t\t\t\t\t\t<section class=\"elementor-section elementor-top-section elementor-element elementor-element-b6422c8 elementor-section-boxed elementor-section-height-default elementor-section-height-default\" data-id=\"b6422c8\" data-element_type=\"section\" data-e-type=\"section\">\n\t\t\t\t\t\t<div class=\"elementor-container elementor-column-gap-default\">\n\t\t\t\t\t<div class=\"elementor-column elementor-col-100 elementor-top-column elementor-element elementor-element-55b8306\" data-id=\"55b8306\" data-element_type=\"column\" data-e-type=\"column\">\n\t\t\t<div class=\"elementor-widget-wrap elementor-element-populated\">\n\t\t\t\t\t\t<div class=\"elementor-element elementor-element-cfc7f25 elementor-widget elementor-widget-text-editor\" data-id=\"cfc7f25\" data-element_type=\"widget\" data-e-type=\"widget\" data-widget_type=\"text-editor.default\">\n\t\t\t\t<div class=\"elementor-widget-container\">\n\t\t\t\t\t\t\t\t\t<p><ul class=\"lcp_catlist\" id=\"lcp_instance_0\"><li><a href=\"https:\/\/challengeseconomiques.com\/?p=2017\">La FinTech TagPay devient Skaleet (Scale It)!<\/a><\/li><li><a href=\"https:\/\/challengeseconomiques.com\/?p=564\">10 200 milliards $ ont \u00e9t\u00e9 lev\u00e9s sur le march\u00e9 mondial de la dette en 2020<\/a><\/li><li><a href=\"https:\/\/challengeseconomiques.com\/?p=561\">L\u2019\u00e9conomie mondiale devrait progresser de 4 % en 2021, tandis que les campagnes de vaccination contre la COVID-19 et les investissements seront d\u00e9terminants  pour la reprise<\/a><\/li><li><a href=\"https:\/\/challengeseconomiques.com\/?p=549\">Evelyne Tall, nomm\u00e9e Pca de CGF Gestion<\/a><\/li><li><a href=\"https:\/\/challengeseconomiques.com\/?p=239\">A\u00e9roport International Blaise Diagne (AIBD) SA, Doudou Ka nomm\u00e9 Directeur g\u00e9n\u00e9ral<\/a><\/li><li><a href=\"https:\/\/challengeseconomiques.com\/?p=234\">ITFC pr\u00e9sente \u00ab\u00a0White Gold Serie\u00a0\u00bb, un documentaire sur le secteur du coton en Afrique de l&rsquo;Ouest<\/a><\/li><li><a href=\"https:\/\/challengeseconomiques.com\/?p=214\">Document de Strat\u00e9gie Pays (DSP) du S\u00e9n\u00e9gal<\/a><\/li><li><a href=\"https:\/\/challengeseconomiques.com\/?p=199\">SYSTEME BANCAIRE FACE A LA COVID 19<\/a><\/li><li><a href=\"https:\/\/challengeseconomiques.com\/?p=121\">Activit\u00e9s de la BM aux Philippines, Tha\u00eflande, Brunei et Malaisie<\/a><\/li><\/ul><\/p>\t\t\t\t\t\t\t\t<\/div>\n\t\t\t\t<\/div>\n\t\t\t\t\t<\/div>\n\t\t<\/div>\n\t\t\t\t\t<\/div>\n\t\t<\/section>\n\t\t\t\t<\/div>\n\t\t","protected":false},"excerpt":{"rendered":"","protected":false},"author":1,"featured_media":0,"parent":0,"menu_order":0,"comment_status":"closed","ping_status":"closed","template":"","meta":{"footnotes":""},"categories":[3],"tags":[],"class_list":["post-20","page","type-page","status-publish","hentry","category-environnement-economique","wpcat-3-id"],"yoast_head":"<!-- This site is optimized with the Yoast SEO plugin v27.1.1 - https:\/\/yoast.com\/product\/yoast-seo-wordpress\/ -->\n<title>Environnement \u00e9conomique - challenges economiques<\/title>\n<meta name=\"robots\" content=\"index, follow, max-snippet:-1, max-image-preview:large, max-video-preview:-1\" \/>\n<link rel=\"canonical\" href=\"https:\/\/challengeseconomiques.com\/?page_id=20\" \/>\n<meta property=\"og:locale\" content=\"fr_FR\" \/>\n<meta property=\"og:type\" content=\"article\" \/>\n<meta property=\"og:title\" content=\"Environnement \u00e9conomique - challenges economiques\" \/>\n<meta property=\"og:url\" content=\"https:\/\/challengeseconomiques.com\/?page_id=20\" \/>\n<meta property=\"og:site_name\" content=\"challenges economiques\" \/>\n<meta property=\"article:modified_time\" content=\"2021-05-04T10:25:09+00:00\" \/>\n<meta name=\"twitter:card\" content=\"summary_large_image\" \/>\n<meta name=\"twitter:label1\" content=\"Dur\u00e9e de lecture estim\u00e9e\" \/>\n\t<meta name=\"twitter:data1\" content=\"1 minute\" \/>\n<script type=\"application\/ld+json\" class=\"yoast-schema-graph\">{\"@context\":\"https:\/\/schema.org\",\"@graph\":[{\"@type\":\"WebPage\",\"@id\":\"https:\/\/challengeseconomiques.com\/?page_id=20\",\"url\":\"https:\/\/challengeseconomiques.com\/?page_id=20\",\"name\":\"Environnement \u00e9conomique - challenges economiques\",\"isPartOf\":{\"@id\":\"https:\/\/challengeseconomiques.com\/#website\"},\"datePublished\":\"2020-09-15T10:42:41+00:00\",\"dateModified\":\"2021-05-04T10:25:09+00:00\",\"breadcrumb\":{\"@id\":\"https:\/\/challengeseconomiques.com\/?page_id=20#breadcrumb\"},\"inLanguage\":\"fr-FR\",\"potentialAction\":[{\"@type\":\"ReadAction\",\"target\":[\"https:\/\/challengeseconomiques.com\/?page_id=20\"]}]},{\"@type\":\"BreadcrumbList\",\"@id\":\"https:\/\/challengeseconomiques.com\/?page_id=20#breadcrumb\",\"itemListElement\":[{\"@type\":\"ListItem\",\"position\":1,\"name\":\"Home\",\"item\":\"https:\/\/challengeseconomiques.com\/\"},{\"@type\":\"ListItem\",\"position\":2,\"name\":\"Environnement \u00e9conomique\"}]},{\"@type\":\"WebSite\",\"@id\":\"https:\/\/challengeseconomiques.com\/#website\",\"url\":\"https:\/\/challengeseconomiques.com\/\",\"name\":\"challenges economiques\",\"description\":\"\",\"potentialAction\":[{\"@type\":\"SearchAction\",\"target\":{\"@type\":\"EntryPoint\",\"urlTemplate\":\"https:\/\/challengeseconomiques.com\/?s={search_term_string}\"},\"query-input\":{\"@type\":\"PropertyValueSpecification\",\"valueRequired\":true,\"valueName\":\"search_term_string\"}}],\"inLanguage\":\"fr-FR\"}]}<\/script>\n<!-- \/ Yoast SEO plugin. -->","yoast_head_json":{"title":"Environnement \u00e9conomique - challenges economiques","robots":{"index":"index","follow":"follow","max-snippet":"max-snippet:-1","max-image-preview":"max-image-preview:large","max-video-preview":"max-video-preview:-1"},"canonical":"https:\/\/challengeseconomiques.com\/?page_id=20","og_locale":"fr_FR","og_type":"article","og_title":"Environnement \u00e9conomique - challenges economiques","og_url":"https:\/\/challengeseconomiques.com\/?page_id=20","og_site_name":"challenges economiques","article_modified_time":"2021-05-04T10:25:09+00:00","twitter_card":"summary_large_image","twitter_misc":{"Dur\u00e9e de lecture estim\u00e9e":"1 minute"},"schema":{"@context":"https:\/\/schema.org","@graph":[{"@type":"WebPage","@id":"https:\/\/challengeseconomiques.com\/?page_id=20","url":"https:\/\/challengeseconomiques.com\/?page_id=20","name":"Environnement \u00e9conomique - challenges economiques","isPartOf":{"@id":"https:\/\/challengeseconomiques.com\/#website"},"datePublished":"2020-09-15T10:42:41+00:00","dateModified":"2021-05-04T10:25:09+00:00","breadcrumb":{"@id":"https:\/\/challengeseconomiques.com\/?page_id=20#breadcrumb"},"inLanguage":"fr-FR","potentialAction":[{"@type":"ReadAction","target":["https:\/\/challengeseconomiques.com\/?page_id=20"]}]},{"@type":"BreadcrumbList","@id":"https:\/\/challengeseconomiques.com\/?page_id=20#breadcrumb","itemListElement":[{"@type":"ListItem","position":1,"name":"Home","item":"https:\/\/challengeseconomiques.com\/"},{"@type":"ListItem","position":2,"name":"Environnement \u00e9conomique"}]},{"@type":"WebSite","@id":"https:\/\/challengeseconomiques.com\/#website","url":"https:\/\/challengeseconomiques.com\/","name":"challenges economiques","description":"","potentialAction":[{"@type":"SearchAction","target":{"@type":"EntryPoint","urlTemplate":"https:\/\/challengeseconomiques.com\/?s={search_term_string}"},"query-input":{"@type":"PropertyValueSpecification","valueRequired":true,"valueName":"search_term_string"}}],"inLanguage":"fr-FR"}]}},"jetpack_sharing_enabled":true,"_links":{"self":[{"href":"https:\/\/challengeseconomiques.com\/index.php?rest_route=\/wp\/v2\/pages\/20","targetHints":{"allow":["GET"]}}],"collection":[{"href":"https:\/\/challengeseconomiques.com\/index.php?rest_route=\/wp\/v2\/pages"}],"about":[{"href":"https:\/\/challengeseconomiques.com\/index.php?rest_route=\/wp\/v2\/types\/page"}],"author":[{"embeddable":true,"href":"https:\/\/challengeseconomiques.com\/index.php?rest_route=\/wp\/v2\/users\/1"}],"replies":[{"embeddable":true,"href":"https:\/\/challengeseconomiques.com\/index.php?rest_route=%2Fwp%2Fv2%2Fcomments&post=20"}],"version-history":[{"count":22,"href":"https:\/\/challengeseconomiques.com\/index.php?rest_route=\/wp\/v2\/pages\/20\/revisions"}],"predecessor-version":[{"id":1031,"href":"https:\/\/challengeseconomiques.com\/index.php?rest_route=\/wp\/v2\/pages\/20\/revisions\/1031"}],"wp:attachment":[{"href":"https:\/\/challengeseconomiques.com\/index.php?rest_route=%2Fwp%2Fv2%2Fmedia&parent=20"}],"wp:term":[{"taxonomy":"category","embeddable":true,"href":"https:\/\/challengeseconomiques.com\/index.php?rest_route=%2Fwp%2Fv2%2Fcategories&post=20"},{"taxonomy":"post_tag","embeddable":true,"href":"https:\/\/challengeseconomiques.com\/index.php?rest_route=%2Fwp%2Fv2%2Ftags&post=20"}],"curies":[{"name":"wp","href":"https:\/\/api.w.org\/{rel}","templated":true}]}}