{"id":18,"date":"2020-09-15T10:40:54","date_gmt":"2020-09-15T10:40:54","guid":{"rendered":"https:\/\/challengeseconomiques.com\/?page_id=18"},"modified":"2021-05-04T10:17:26","modified_gmt":"2021-05-04T10:17:26","slug":"brvm","status":"publish","type":"page","link":"https:\/\/challengeseconomiques.com\/?page_id=18","title":{"rendered":"BRVM"},"content":{"rendered":"\n<ul class=\"lcp_catlist\" id=\"lcp_instance_0\"><li><a href=\"https:\/\/challengeseconomiques.com\/?p=7877\">S\u00e9n\u00e9gal-Fmi: Vers une d\u00e9rogation malgr\u00e9 le rapport de la Cour des comptes ?<\/a><\/li><li><a href=\"https:\/\/challengeseconomiques.com\/?p=7556\">La BRVM termine l\u2019ann\u00e9e 2024 avec 28,89 % de progression<\/a><\/li><li><a href=\"https:\/\/challengeseconomiques.com\/?p=6646\">Dr Parfait Kouassi reconduit PCA de la BRVM<\/a><\/li><li><a href=\"https:\/\/challengeseconomiques.com\/?p=5282\">La BRVM a 25 ans<\/a><\/li><li><a href=\"https:\/\/challengeseconomiques.com\/?p=3714\">L\u2019Union Africaine (UA) et l\u2019Association des Bourses Africaines (ASEA) cr\u00e9ent un cadre de coop\u00e9ration pour le d\u00e9veloppement des march\u00e9s de capitaux en Afrique.<\/a><\/li><li><a href=\"https:\/\/challengeseconomiques.com\/?p=2548\">BILAN 2021 DE LA BRVM Plus de 6000 milliards FCFA de capitalisation boursi\u00e8re<\/a><\/li><li><a href=\"https:\/\/challengeseconomiques.com\/?p=2491\">La BRVM  d\u00e9passe le seuil des 6000 milliards de FCFA de capitalisation, en 2021<\/a><\/li><li><a href=\"https:\/\/challengeseconomiques.com\/?p=2385\">C\u00e9l\u00e9bration le 18 d\u00e9cembre 2021 des 25 ann\u00e9es d\u2019existence des structures centrales du march\u00e9 financier r\u00e9gional de l\u2019Uemoa<\/a><\/li><li><a href=\"https:\/\/challengeseconomiques.com\/?p=2124\">Le gouvernement du S\u00e9n\u00e9gal l\u00e8ve 55 milliards de FCFA sur le march\u00e9 financier r\u00e9gional de l&rsquo;Uemoa<\/a><\/li><li><a href=\"https:\/\/challengeseconomiques.com\/?p=1943\">Semaine mondiale de l\u2019investissement : La Brvm s\u2019engage pour la promotion de l\u2019\u00e9ducation financi\u00e8re<\/a><\/li><\/ul>\n","protected":false},"excerpt":{"rendered":"","protected":false},"author":1,"featured_media":0,"parent":7,"menu_order":0,"comment_status":"closed","ping_status":"closed","template":"","meta":{"footnotes":""},"categories":[8,9,10],"tags":[],"class_list":["post-18","page","type-page","status-publish","hentry","category-actualite-economique","category-brvm","category-infos-eco","wpcat-8-id","wpcat-9-id","wpcat-10-id"],"yoast_head":"<!-- This site is optimized with the Yoast SEO plugin v27.1.1 - https:\/\/yoast.com\/product\/yoast-seo-wordpress\/ -->\n<title>BRVM - challenges economiques<\/title>\n<meta name=\"robots\" content=\"index, follow, max-snippet:-1, max-image-preview:large, max-video-preview:-1\" \/>\n<link rel=\"canonical\" href=\"https:\/\/challengeseconomiques.com\/?page_id=18\" \/>\n<meta property=\"og:locale\" content=\"fr_FR\" \/>\n<meta property=\"og:type\" content=\"article\" \/>\n<meta property=\"og:title\" content=\"BRVM - challenges economiques\" \/>\n<meta property=\"og:url\" content=\"https:\/\/challengeseconomiques.com\/?page_id=18\" \/>\n<meta property=\"og:site_name\" content=\"challenges economiques\" \/>\n<meta property=\"article:modified_time\" content=\"2021-05-04T10:17:26+00:00\" \/>\n<meta name=\"twitter:card\" content=\"summary_large_image\" \/>\n<meta name=\"twitter:label1\" content=\"Dur\u00e9e de lecture estim\u00e9e\" \/>\n\t<meta name=\"twitter:data1\" content=\"1 minute\" \/>\n<script type=\"application\/ld+json\" class=\"yoast-schema-graph\">{\"@context\":\"https:\/\/schema.org\",\"@graph\":[{\"@type\":\"WebPage\",\"@id\":\"https:\/\/challengeseconomiques.com\/?page_id=18\",\"url\":\"https:\/\/challengeseconomiques.com\/?page_id=18\",\"name\":\"BRVM - challenges economiques\",\"isPartOf\":{\"@id\":\"https:\/\/challengeseconomiques.com\/#website\"},\"datePublished\":\"2020-09-15T10:40:54+00:00\",\"dateModified\":\"2021-05-04T10:17:26+00:00\",\"breadcrumb\":{\"@id\":\"https:\/\/challengeseconomiques.com\/?page_id=18#breadcrumb\"},\"inLanguage\":\"fr-FR\",\"potentialAction\":[{\"@type\":\"ReadAction\",\"target\":[\"https:\/\/challengeseconomiques.com\/?page_id=18\"]}]},{\"@type\":\"BreadcrumbList\",\"@id\":\"https:\/\/challengeseconomiques.com\/?page_id=18#breadcrumb\",\"itemListElement\":[{\"@type\":\"ListItem\",\"position\":1,\"name\":\"Home\",\"item\":\"https:\/\/challengeseconomiques.com\/\"},{\"@type\":\"ListItem\",\"position\":2,\"name\":\"Actualit\u00e9 \u00e9conomique\",\"item\":\"https:\/\/challengeseconomiques.com\/?page_id=7\"},{\"@type\":\"ListItem\",\"position\":3,\"name\":\"BRVM\"}]},{\"@type\":\"WebSite\",\"@id\":\"https:\/\/challengeseconomiques.com\/#website\",\"url\":\"https:\/\/challengeseconomiques.com\/\",\"name\":\"challenges economiques\",\"description\":\"\",\"potentialAction\":[{\"@type\":\"SearchAction\",\"target\":{\"@type\":\"EntryPoint\",\"urlTemplate\":\"https:\/\/challengeseconomiques.com\/?s={search_term_string}\"},\"query-input\":{\"@type\":\"PropertyValueSpecification\",\"valueRequired\":true,\"valueName\":\"search_term_string\"}}],\"inLanguage\":\"fr-FR\"}]}<\/script>\n<!-- \/ Yoast SEO plugin. -->","yoast_head_json":{"title":"BRVM - challenges economiques","robots":{"index":"index","follow":"follow","max-snippet":"max-snippet:-1","max-image-preview":"max-image-preview:large","max-video-preview":"max-video-preview:-1"},"canonical":"https:\/\/challengeseconomiques.com\/?page_id=18","og_locale":"fr_FR","og_type":"article","og_title":"BRVM - challenges economiques","og_url":"https:\/\/challengeseconomiques.com\/?page_id=18","og_site_name":"challenges economiques","article_modified_time":"2021-05-04T10:17:26+00:00","twitter_card":"summary_large_image","twitter_misc":{"Dur\u00e9e de lecture estim\u00e9e":"1 minute"},"schema":{"@context":"https:\/\/schema.org","@graph":[{"@type":"WebPage","@id":"https:\/\/challengeseconomiques.com\/?page_id=18","url":"https:\/\/challengeseconomiques.com\/?page_id=18","name":"BRVM - challenges economiques","isPartOf":{"@id":"https:\/\/challengeseconomiques.com\/#website"},"datePublished":"2020-09-15T10:40:54+00:00","dateModified":"2021-05-04T10:17:26+00:00","breadcrumb":{"@id":"https:\/\/challengeseconomiques.com\/?page_id=18#breadcrumb"},"inLanguage":"fr-FR","potentialAction":[{"@type":"ReadAction","target":["https:\/\/challengeseconomiques.com\/?page_id=18"]}]},{"@type":"BreadcrumbList","@id":"https:\/\/challengeseconomiques.com\/?page_id=18#breadcrumb","itemListElement":[{"@type":"ListItem","position":1,"name":"Home","item":"https:\/\/challengeseconomiques.com\/"},{"@type":"ListItem","position":2,"name":"Actualit\u00e9 \u00e9conomique","item":"https:\/\/challengeseconomiques.com\/?page_id=7"},{"@type":"ListItem","position":3,"name":"BRVM"}]},{"@type":"WebSite","@id":"https:\/\/challengeseconomiques.com\/#website","url":"https:\/\/challengeseconomiques.com\/","name":"challenges economiques","description":"","potentialAction":[{"@type":"SearchAction","target":{"@type":"EntryPoint","urlTemplate":"https:\/\/challengeseconomiques.com\/?s={search_term_string}"},"query-input":{"@type":"PropertyValueSpecification","valueRequired":true,"valueName":"search_term_string"}}],"inLanguage":"fr-FR"}]}},"jetpack_sharing_enabled":true,"_links":{"self":[{"href":"https:\/\/challengeseconomiques.com\/index.php?rest_route=\/wp\/v2\/pages\/18","targetHints":{"allow":["GET"]}}],"collection":[{"href":"https:\/\/challengeseconomiques.com\/index.php?rest_route=\/wp\/v2\/pages"}],"about":[{"href":"https:\/\/challengeseconomiques.com\/index.php?rest_route=\/wp\/v2\/types\/page"}],"author":[{"embeddable":true,"href":"https:\/\/challengeseconomiques.com\/index.php?rest_route=\/wp\/v2\/users\/1"}],"replies":[{"embeddable":true,"href":"https:\/\/challengeseconomiques.com\/index.php?rest_route=%2Fwp%2Fv2%2Fcomments&post=18"}],"version-history":[{"count":2,"href":"https:\/\/challengeseconomiques.com\/index.php?rest_route=\/wp\/v2\/pages\/18\/revisions"}],"predecessor-version":[{"id":1020,"href":"https:\/\/challengeseconomiques.com\/index.php?rest_route=\/wp\/v2\/pages\/18\/revisions\/1020"}],"up":[{"embeddable":true,"href":"https:\/\/challengeseconomiques.com\/index.php?rest_route=\/wp\/v2\/pages\/7"}],"wp:attachment":[{"href":"https:\/\/challengeseconomiques.com\/index.php?rest_route=%2Fwp%2Fv2%2Fmedia&parent=18"}],"wp:term":[{"taxonomy":"category","embeddable":true,"href":"https:\/\/challengeseconomiques.com\/index.php?rest_route=%2Fwp%2Fv2%2Fcategories&post=18"},{"taxonomy":"post_tag","embeddable":true,"href":"https:\/\/challengeseconomiques.com\/index.php?rest_route=%2Fwp%2Fv2%2Ftags&post=18"}],"curies":[{"name":"wp","href":"https:\/\/api.w.org\/{rel}","templated":true}]}}