{"id":14,"date":"2020-09-15T10:39:25","date_gmt":"2020-09-15T10:39:25","guid":{"rendered":"https:\/\/challengeseconomiques.com\/?page_id=14"},"modified":"2021-05-04T10:18:44","modified_gmt":"2021-05-04T10:18:44","slug":"lentretien","status":"publish","type":"page","link":"https:\/\/challengeseconomiques.com\/?page_id=14","title":{"rendered":"L&rsquo;entretien"},"content":{"rendered":"\n<ul class=\"lcp_catlist\" id=\"lcp_instance_0\"><li><a href=\"https:\/\/challengeseconomiques.com\/?p=7827\">SERIGNE MBACKE SOUGOU  \u00ab La cr\u00e9dibilit\u00e9 des autorit\u00e9s s\u00e9n\u00e9galaises sort tr\u00e8s renforc\u00e9e de cet \u00e9pisode&#8230; \u00bb<\/a><\/li><li><a href=\"https:\/\/challengeseconomiques.com\/?p=7768\">Ramatoulaye Ciss\u00e9 Fall DG Samir Money \u201cNotre plateforme est con\u00e7ue pour \u00eatre le Link entre les diff\u00e9rents acteurs, afin de garantir une exp\u00e9rience utilisateur fluide et sans friction \u00bb<\/a><\/li><li><a href=\"https:\/\/challengeseconomiques.com\/?p=7409\">ABDEL KADER NDIAYE PDT SNBTP  \u00ab Nos march\u00e9s ont \u00e9t\u00e9 trop ouverts \u00e0 notre d\u00e9triment \u00bb<\/a><\/li><li><a href=\"https:\/\/challengeseconomiques.com\/?p=7400\">Akinwumi ADESINA \u00ab La BAD d\u2019aujourd\u2019hui est diff\u00e9rente \u00bb<\/a><\/li><li><a href=\"https:\/\/challengeseconomiques.com\/?p=6844\">Anibor Kragha, SG ARDA : \u00ab Notre objectif est d&rsquo;\u00e9quilibrer la s\u00e9curit\u00e9 \u00e9nerg\u00e9tique et la transition \u00e9nerg\u00e9tique tout en maximisant la production de p\u00e9trole et la valorisation sur le continent pour r\u00e9duire les importations et renforcer la s\u00e9curit\u00e9 \u00e9nerg\u00e9tique \u00e0 long terme \u00bb<\/a><\/li><li><a href=\"https:\/\/challengeseconomiques.com\/?p=6080\">L\u2019expert Abdou Ciss\u00e9 explore l\u2019innovation actuarielle en zone CIMA<\/a><\/li><li><a href=\"https:\/\/challengeseconomiques.com\/?p=5719\">Abdou Ciss\u00e9 sur les banques et assurances en zone CIMA: \u00ab oui au cloisonnement juridique, non \u00e0 la rupture de la dynamique \u00bb<\/a><\/li><li><a href=\"https:\/\/challengeseconomiques.com\/?p=5693\">ABDOULAYE DIAGNE, DIRECTEUR GENERAL DES IMPOTS ET DES DOMAINES \u00ab Les inspecteurs des Imp\u00f4ts et Domaines ont une excellente r\u00e9putation \u00bb<\/a><\/li><li><a href=\"https:\/\/challengeseconomiques.com\/?p=5356\">Abdou Ciss\u00e9:De brique en brique vers un nouvel ordre \u00e9conomique<\/a><\/li><li><a href=\"https:\/\/challengeseconomiques.com\/?p=5242\">\u00ab La plus grande opportunit\u00e9 est l\u2019av\u00e8nement de ZLECAf \u00bb (Oumar Sangar\u00e9, Ecobank UEMOA)<\/a><\/li><\/ul>\n","protected":false},"excerpt":{"rendered":"","protected":false},"author":1,"featured_media":0,"parent":7,"menu_order":0,"comment_status":"closed","ping_status":"closed","template":"","meta":{"footnotes":""},"categories":[8,10],"tags":[],"class_list":["post-14","page","type-page","status-publish","hentry","category-actualite-economique","category-infos-eco","wpcat-8-id","wpcat-10-id"],"yoast_head":"<!-- This site is optimized with the Yoast SEO plugin v27.1.1 - https:\/\/yoast.com\/product\/yoast-seo-wordpress\/ -->\n<title>L&#039;entretien - challenges economiques<\/title>\n<meta name=\"robots\" content=\"index, follow, max-snippet:-1, max-image-preview:large, max-video-preview:-1\" \/>\n<link rel=\"canonical\" href=\"https:\/\/challengeseconomiques.com\/?page_id=14\" \/>\n<meta property=\"og:locale\" content=\"fr_FR\" \/>\n<meta property=\"og:type\" content=\"article\" \/>\n<meta property=\"og:title\" content=\"L&#039;entretien - challenges economiques\" \/>\n<meta property=\"og:url\" content=\"https:\/\/challengeseconomiques.com\/?page_id=14\" \/>\n<meta property=\"og:site_name\" content=\"challenges economiques\" \/>\n<meta property=\"article:modified_time\" content=\"2021-05-04T10:18:44+00:00\" \/>\n<meta name=\"twitter:card\" content=\"summary_large_image\" \/>\n<meta name=\"twitter:label1\" content=\"Dur\u00e9e de lecture estim\u00e9e\" \/>\n\t<meta name=\"twitter:data1\" content=\"1 minute\" \/>\n<script type=\"application\/ld+json\" class=\"yoast-schema-graph\">{\"@context\":\"https:\/\/schema.org\",\"@graph\":[{\"@type\":\"WebPage\",\"@id\":\"https:\/\/challengeseconomiques.com\/?page_id=14\",\"url\":\"https:\/\/challengeseconomiques.com\/?page_id=14\",\"name\":\"L'entretien - challenges economiques\",\"isPartOf\":{\"@id\":\"https:\/\/challengeseconomiques.com\/#website\"},\"datePublished\":\"2020-09-15T10:39:25+00:00\",\"dateModified\":\"2021-05-04T10:18:44+00:00\",\"breadcrumb\":{\"@id\":\"https:\/\/challengeseconomiques.com\/?page_id=14#breadcrumb\"},\"inLanguage\":\"fr-FR\",\"potentialAction\":[{\"@type\":\"ReadAction\",\"target\":[\"https:\/\/challengeseconomiques.com\/?page_id=14\"]}]},{\"@type\":\"BreadcrumbList\",\"@id\":\"https:\/\/challengeseconomiques.com\/?page_id=14#breadcrumb\",\"itemListElement\":[{\"@type\":\"ListItem\",\"position\":1,\"name\":\"Home\",\"item\":\"https:\/\/challengeseconomiques.com\/\"},{\"@type\":\"ListItem\",\"position\":2,\"name\":\"Actualit\u00e9 \u00e9conomique\",\"item\":\"https:\/\/challengeseconomiques.com\/?page_id=7\"},{\"@type\":\"ListItem\",\"position\":3,\"name\":\"L&rsquo;entretien\"}]},{\"@type\":\"WebSite\",\"@id\":\"https:\/\/challengeseconomiques.com\/#website\",\"url\":\"https:\/\/challengeseconomiques.com\/\",\"name\":\"challenges economiques\",\"description\":\"\",\"potentialAction\":[{\"@type\":\"SearchAction\",\"target\":{\"@type\":\"EntryPoint\",\"urlTemplate\":\"https:\/\/challengeseconomiques.com\/?s={search_term_string}\"},\"query-input\":{\"@type\":\"PropertyValueSpecification\",\"valueRequired\":true,\"valueName\":\"search_term_string\"}}],\"inLanguage\":\"fr-FR\"}]}<\/script>\n<!-- \/ Yoast SEO plugin. -->","yoast_head_json":{"title":"L'entretien - challenges economiques","robots":{"index":"index","follow":"follow","max-snippet":"max-snippet:-1","max-image-preview":"max-image-preview:large","max-video-preview":"max-video-preview:-1"},"canonical":"https:\/\/challengeseconomiques.com\/?page_id=14","og_locale":"fr_FR","og_type":"article","og_title":"L'entretien - challenges economiques","og_url":"https:\/\/challengeseconomiques.com\/?page_id=14","og_site_name":"challenges economiques","article_modified_time":"2021-05-04T10:18:44+00:00","twitter_card":"summary_large_image","twitter_misc":{"Dur\u00e9e de lecture estim\u00e9e":"1 minute"},"schema":{"@context":"https:\/\/schema.org","@graph":[{"@type":"WebPage","@id":"https:\/\/challengeseconomiques.com\/?page_id=14","url":"https:\/\/challengeseconomiques.com\/?page_id=14","name":"L'entretien - challenges economiques","isPartOf":{"@id":"https:\/\/challengeseconomiques.com\/#website"},"datePublished":"2020-09-15T10:39:25+00:00","dateModified":"2021-05-04T10:18:44+00:00","breadcrumb":{"@id":"https:\/\/challengeseconomiques.com\/?page_id=14#breadcrumb"},"inLanguage":"fr-FR","potentialAction":[{"@type":"ReadAction","target":["https:\/\/challengeseconomiques.com\/?page_id=14"]}]},{"@type":"BreadcrumbList","@id":"https:\/\/challengeseconomiques.com\/?page_id=14#breadcrumb","itemListElement":[{"@type":"ListItem","position":1,"name":"Home","item":"https:\/\/challengeseconomiques.com\/"},{"@type":"ListItem","position":2,"name":"Actualit\u00e9 \u00e9conomique","item":"https:\/\/challengeseconomiques.com\/?page_id=7"},{"@type":"ListItem","position":3,"name":"L&rsquo;entretien"}]},{"@type":"WebSite","@id":"https:\/\/challengeseconomiques.com\/#website","url":"https:\/\/challengeseconomiques.com\/","name":"challenges economiques","description":"","potentialAction":[{"@type":"SearchAction","target":{"@type":"EntryPoint","urlTemplate":"https:\/\/challengeseconomiques.com\/?s={search_term_string}"},"query-input":{"@type":"PropertyValueSpecification","valueRequired":true,"valueName":"search_term_string"}}],"inLanguage":"fr-FR"}]}},"jetpack_sharing_enabled":true,"_links":{"self":[{"href":"https:\/\/challengeseconomiques.com\/index.php?rest_route=\/wp\/v2\/pages\/14","targetHints":{"allow":["GET"]}}],"collection":[{"href":"https:\/\/challengeseconomiques.com\/index.php?rest_route=\/wp\/v2\/pages"}],"about":[{"href":"https:\/\/challengeseconomiques.com\/index.php?rest_route=\/wp\/v2\/types\/page"}],"author":[{"embeddable":true,"href":"https:\/\/challengeseconomiques.com\/index.php?rest_route=\/wp\/v2\/users\/1"}],"replies":[{"embeddable":true,"href":"https:\/\/challengeseconomiques.com\/index.php?rest_route=%2Fwp%2Fv2%2Fcomments&post=14"}],"version-history":[{"count":4,"href":"https:\/\/challengeseconomiques.com\/index.php?rest_route=\/wp\/v2\/pages\/14\/revisions"}],"predecessor-version":[{"id":1021,"href":"https:\/\/challengeseconomiques.com\/index.php?rest_route=\/wp\/v2\/pages\/14\/revisions\/1021"}],"up":[{"embeddable":true,"href":"https:\/\/challengeseconomiques.com\/index.php?rest_route=\/wp\/v2\/pages\/7"}],"wp:attachment":[{"href":"https:\/\/challengeseconomiques.com\/index.php?rest_route=%2Fwp%2Fv2%2Fmedia&parent=14"}],"wp:term":[{"taxonomy":"category","embeddable":true,"href":"https:\/\/challengeseconomiques.com\/index.php?rest_route=%2Fwp%2Fv2%2Fcategories&post=14"},{"taxonomy":"post_tag","embeddable":true,"href":"https:\/\/challengeseconomiques.com\/index.php?rest_route=%2Fwp%2Fv2%2Ftags&post=14"}],"curies":[{"name":"wp","href":"https:\/\/api.w.org\/{rel}","templated":true}]}}